{"id":2779,"date":"2023-05-15T13:29:24","date_gmt":"2023-05-15T11:29:24","guid":{"rendered":"https:\/\/codeyard.tech\/?page_id=2779"},"modified":"2025-04-11T09:25:05","modified_gmt":"2025-04-11T07:25:05","slug":"cookie-szabalyzat","status":"publish","type":"page","link":"https:\/\/codeyard.tech\/en\/cookie-policy\/","title":{"rendered":"Cookie Policy"},"content":{"rendered":"<div data-elementor-type=\"wp-page\" data-elementor-id=\"2779\" class=\"elementor elementor-2779\">\n\t\t\t\t\t\t<section class=\"elementor-section elementor-top-section elementor-element elementor-element-4e1ab9f elementor-section-boxed elementor-section-height-default elementor-section-height-default\" data-id=\"4e1ab9f\" data-element_type=\"section\">\n\t\t\t\t\t\t<div class=\"elementor-container elementor-column-gap-default\">\n\t\t\t\t\t<div class=\"elementor-column elementor-col-100 elementor-top-column elementor-element elementor-element-2eeb853\" data-id=\"2eeb853\" data-element_type=\"column\">\n\t\t\t<div class=\"elementor-widget-wrap elementor-element-populated\">\n\t\t\t\t\t\t<div class=\"elementor-element elementor-element-054b180 elementor-widget elementor-widget-text-editor\" data-id=\"054b180\" data-element_type=\"widget\" data-widget_type=\"text-editor.default\">\n\t\t\t\t<div class=\"elementor-widget-container\">\n\t\t\t<style>\/*! elementor - v3.22.0 - 26-06-2024 *\/\n.elementor-widget-text-editor.elementor-drop-cap-view-stacked .elementor-drop-cap{background-color:#69727d;color:#fff}.elementor-widget-text-editor.elementor-drop-cap-view-framed .elementor-drop-cap{color:#69727d;border:3px solid;background-color:transparent}.elementor-widget-text-editor:not(.elementor-drop-cap-view-default) .elementor-drop-cap{margin-top:8px}.elementor-widget-text-editor:not(.elementor-drop-cap-view-default) .elementor-drop-cap-letter{width:1em;height:1em}.elementor-widget-text-editor .elementor-drop-cap{float:left;text-align:center;line-height:1;font-size:50px}.elementor-widget-text-editor .elementor-drop-cap-letter{display:inline-block}<\/style>\t\t\t\t<p>We use cookies on our website to improve your user experience and make it easier for you to use the site. Below is a description of the types of cookies we use and how we manage them.<\/p>\n<p><strong>What is a cookie?<\/strong><\/p>\n<p>Cookies are small data files that are stored by your internet browser on your device (such as a computer, smartphone or tablet). Cookies allow our site to recognise your browser and collect information about your usage patterns.<\/p>\n<ol start=\"1\">\n<li>\n<h4>Using of cookies<\/h4>\n<\/li>\n<\/ol>\n<p>The website can use the following cookies:<\/p>\n<ol start=\"1.1\">1.1. Cookies necessary for operation:<\/ol>\n<p>These cookies are essential for the website to function properly and to ensure the basic functionality of our services. For example, these types of cookies allow you to log in to your account, navigate the website or use your shopping cart during the checkout process.<\/p>\n<ol start=\"1.2\">1.2. Performance cookies<\/ol>\n<p>These cookies collect information about the use of the site and help us understand how visitors interact with the site. For example, these cookies help us measure the load on the website so that we can improve performance and operations. These cookies are usually anonymous and are used only for statistical purposes on our website.<\/p>\n<ol start=\"1.3\">Functional cookies<\/ol>\n<p>These cookies allow the website to remember your choices and preferences made during your previous visit. For example, if you can request customised content or choose your browsing language, this information is stored in the cookies and remembered on your next visit.<\/p>\n<ol start=\"1.4\">1.4. Cookies used for targeted advertising:<\/ol>\n<p>Cookies used for targeted advertising allow us and third parties to show you ads that may be relevant to you. These cookies collect information about your online activities, such as your visits to our websites, pages visited, clicks and time spent. We can use this information to display personalised advertising on other websites.<\/p>\n<ol start=\"2\">\n<li>\n<h4>Use of third party cookies<\/h4>\n<\/li>\n<\/ol>\n<p>Codeyard allows third parties, such as analytics providers and advertising networks, to place cookies on our website. These third parties may use their own cookies and similar technologies on our website to collect information about your activities. These cookies and technologies operate under the third party's own privacy policies and may collect information in ways that we do not control.<\/p>\n<ol start=\"3\">\n<li>\n<h4>Managing and disabling cookies<\/h4>\n<\/li>\n<\/ol>\n<p>Most web browsers accept cookies by default, but you usually have the option to change these settings in your browser's preferences to disable or restrict the use of cookies. It is important to note, however, that if you disable or restrict cookies, certain features of our website may not function properly.<\/p>\n<ol start=\"4\">\n<li>\n<h4>Privacy Policy<\/h4>\n<\/li>\n<\/ol>\n<p>Codeyard processes the personal information you provide to us in accordance with our Cookies Policy and Privacy Notice. The information collected by cookies is generally anonymous and is used for statistical purposes only.<\/p>\n<ol start=\"5\">\n<li>\n<h4>Updating the rules<\/h4>\n<\/li>\n<\/ol>\n<p>We may update this Cookies Policy from time to time. We will post notice of any changes on the website and the updated version will take effect when it becomes effective. Please check our Cookies Policy regularly to ensure you are aware of the latest version.<\/p>\n<div>\n<div>\n<div>\n<div>\n<div>\n<div>\n<div>\n<div>\n<div>\n<div>\n<ol start=\"6\">\n<li>\n<h4>Contact<\/h4>\n<\/li>\n<\/ol>\n<p>Ha b\u00e1rmilyen k\u00e9rd\u00e9sed vagy \u00e9szrev\u00e9teled van a S\u00fctik Szab\u00e1lyzatunkkal kapcsolatban, k\u00e9rj\u00fck, l\u00e9pj kapcsolatba vel\u00fcnk az al\u00e1bbi el\u00e9rhet\u0151s\u00e9geken:<\/p>\n<p>CodeYard Kft.<br>4025 Debrecen Simonffy u. 2\/A 1.em 2.<br>info@codeyard.eu<\/p>\n<p>Please note that our Cookies Policy applies only to the codeyard.tech website and does not apply to any other websites or services that we may link to or use.<\/p>\n<p>It is important that you read and understand our Cookie Policy so that you are aware of our use of cookies and how we treat your data. By continuing to use our website, you accept and consent to the use of cookies as set out in this Policy.<\/p>\n<p>Debrecen, May 16, 2023<br>CodeYard Kft.<\/p>\n<\/div>\n<\/div>\n<\/div>\n<\/div>\n<\/div>\n<\/div>\n<\/div>\n<\/div>\n<\/div>\n<\/div>\t\t\t\t\t\t<\/div>\n\t\t\t\t<\/div>\n\t\t\t\t\t<\/div>\n\t\t<\/div>\n\t\t\t\t\t<\/div>\n\t\t<\/section>\n\t\t\t\t<\/div>","protected":false},"excerpt":{"rendered":"<p>Az oldalunkon s\u00fctiket haszn\u00e1lunk annak \u00e9rdek\u00e9ben, hogy jav\u00edtsuk a felhaszn\u00e1l\u00f3i \u00e9lm\u00e9nyt \u00e9s megk\u00f6nny\u00edts\u00fck az oldal haszn\u00e1lat\u00e1t. Az al\u00e1bbiakban bemutatjuk, milyen t\u00edpus\u00fa s\u00fctiket [&hellip;]<\/p>","protected":false},"author":4,"featured_media":0,"parent":0,"menu_order":0,"comment_status":"closed","ping_status":"closed","template":"","meta":{"footnotes":""},"_links":{"self":[{"href":"https:\/\/codeyard.tech\/en\/wp-json\/wp\/v2\/pages\/2779"}],"collection":[{"href":"https:\/\/codeyard.tech\/en\/wp-json\/wp\/v2\/pages"}],"about":[{"href":"https:\/\/codeyard.tech\/en\/wp-json\/wp\/v2\/types\/page"}],"author":[{"embeddable":true,"href":"https:\/\/codeyard.tech\/en\/wp-json\/wp\/v2\/users\/4"}],"replies":[{"embeddable":true,"href":"https:\/\/codeyard.tech\/en\/wp-json\/wp\/v2\/comments?post=2779"}],"version-history":[{"count":19,"href":"https:\/\/codeyard.tech\/en\/wp-json\/wp\/v2\/pages\/2779\/revisions"}],"predecessor-version":[{"id":4292,"href":"https:\/\/codeyard.tech\/en\/wp-json\/wp\/v2\/pages\/2779\/revisions\/4292"}],"wp:attachment":[{"href":"https:\/\/codeyard.tech\/en\/wp-json\/wp\/v2\/media?parent=2779"}],"curies":[{"name":"wp","href":"https:\/\/api.w.org\/{rel}","templated":true}]}}