{"id":4491,"date":"2026-02-20T12:32:03","date_gmt":"2026-02-20T11:32:03","guid":{"rendered":"https:\/\/codeyard.tech\/?page_id=4491"},"modified":"2026-02-20T12:32:04","modified_gmt":"2026-02-20T11:32:04","slug":"palyazat-ginop_plusz-2-1-3-24-2024-00317","status":"publish","type":"page","link":"https:\/\/codeyard.tech\/en\/palyazatok\/palyazat-ginop_plusz-2-1-3-24-2024-00317\/","title":{"rendered":"GINOP_PLUSZ-2.1.3-24-2024-00317"},"content":{"rendered":"<div data-elementor-type=\"wp-page\" data-elementor-id=\"4491\" class=\"elementor elementor-4491\">\n\t\t\t\t\t\t<section class=\"elementor-section elementor-top-section elementor-element elementor-element-314fa27 elementor-section-boxed elementor-section-height-default elementor-section-height-default\" data-id=\"314fa27\" data-element_type=\"section\">\n\t\t\t\t\t\t<div class=\"elementor-container elementor-column-gap-default\">\n\t\t\t\t\t<div class=\"elementor-column elementor-col-100 elementor-top-column elementor-element elementor-element-b5e119c\" data-id=\"b5e119c\" data-element_type=\"column\">\n\t\t\t<div class=\"elementor-widget-wrap elementor-element-populated\">\n\t\t\t\t\t\t<div class=\"elementor-element elementor-element-11f8b30 elementor-widget elementor-widget-image\" data-id=\"11f8b30\" data-element_type=\"widget\" data-widget_type=\"image.default\">\n\t\t\t\t<div class=\"elementor-widget-container\">\n\t\t\t<style>\/*! elementor - v3.22.0 - 26-06-2024 *\/\n.elementor-widget-image{text-align:center}.elementor-widget-image a{display:inline-block}.elementor-widget-image a img[src$=\".svg\"]{width:48px}.elementor-widget-image img{vertical-align:middle;display:inline-block}<\/style>\t\t\t\t\t\t\t\t\t\t<img decoding=\"async\" src=\"https:\/\/codeyard.tech\/wp-content\/uploads\/2025\/04\/MFF-kedvezmenyezetti-infoblokk-keretes.jpg\" title=\"\" alt=\"GINOP_PLUSZ-2.1.3-24-2024-00317\" loading=\"lazy\" \/>\t\t\t\t\t\t\t\t\t\t\t\t\t<\/div>\n\t\t\t\t<\/div>\n\t\t\t\t<div class=\"elementor-element elementor-element-b9323bf elementor-widget elementor-widget-text-editor\" data-id=\"b9323bf\" data-element_type=\"widget\" data-widget_type=\"text-editor.default\">\n\t\t\t\t<div class=\"elementor-widget-container\">\n\t\t\t<style>\/*! elementor - v3.22.0 - 26-06-2024 *\/\n.elementor-widget-text-editor.elementor-drop-cap-view-stacked .elementor-drop-cap{background-color:#69727d;color:#fff}.elementor-widget-text-editor.elementor-drop-cap-view-framed .elementor-drop-cap{color:#69727d;border:3px solid;background-color:transparent}.elementor-widget-text-editor:not(.elementor-drop-cap-view-default) .elementor-drop-cap{margin-top:8px}.elementor-widget-text-editor:not(.elementor-drop-cap-view-default) .elementor-drop-cap-letter{width:1em;height:1em}.elementor-widget-text-editor .elementor-drop-cap{float:left;text-align:center;line-height:1;font-size:50px}.elementor-widget-text-editor .elementor-drop-cap-letter{display:inline-block}<\/style>\t\t\t\t<div data-templates-time=\"\"><p style=\"text-align: left;\">GINOP_PLUSZ-2.1.3-24-2024-00317<\/p><p style=\"text-align: left;\"><strong>Kedvezm\u00e9nyezett neve:<\/strong> CodeYard Szolg\u00e1ltat\u00f3 Kft.<\/p><p style=\"text-align: left;\"><strong>A fejleszt\u00e9s t\u00e1rgya, c\u00e9lja:<\/strong> A fejleszt\u00e9s t\u00e1rgya a \u201eA CodeYard Szolg\u00e1ltat\u00f3 Korl\u00e1tolt Felel\u0151ss\u00e9g\u0171 T\u00e1rsas\u00e1g innov\u00e1ci\u00f3s k\u00e9pess\u00e9g\u00e9nek t\u00e1mogat\u00e1sa\u201d c\u00edm\u0171 projekten bel\u00fcl a v\u00e1llalat innov\u00e1ci\u00f3s k\u00e9pess\u00e9g\u00e9nek n\u00f6vel\u00e9se a termel\u00e9si\/gy\u00e1rt\u00e1si \u00e9s marketingfolyamatok moderniz\u00e1l\u00e1s\u00e1val.<\/p><p style=\"text-align: left;\"><strong>Szerz\u0151d\u00f6tt eur\u00f3pai uni\u00f3s t\u00e1mogat\u00e1si \u00f6sszeg:<\/strong> 29,96 mill\u00f3 forint.<\/p><p style=\"text-align: left;\"><strong>Projekt tartalm\u00e1nak r\u00e9szletes bemutat\u00e1sa:<\/strong><\/p><div style=\"text-align: left;\"><div>A projekt sor\u00e1n a fejleszt\u00e9si \u00e9s tesztel\u00e9si folyamatok automatiz\u00e1l\u00e1sa val\u00f3sul meg, amely lehet\u0151v\u00e9 teszi a gyorsabb \u00e9s k\u00f6lts\u00e9ghat\u00e9konyabb munkav\u00e9gz\u00e9st. Az automatiz\u00e1lt tesztel\u00e9si rendszer bevezet\u00e9s\u00e9vel a tesztid\u0151 jelent\u0151sen cs\u00f6kken, mik\u00f6zben a min\u0151s\u00e9gbiztos\u00edt\u00e1s hat\u00e9konys\u00e1ga n\u0151. A fejleszt\u00e9s r\u00e9szek\u00e9nt a Code Yard Kft. modern eszk\u00f6zparkot is beszerez, amely tartalmaz iOS \u00e9s Android k\u00e9sz\u00fcl\u00e9keket, Apple sz\u00e1m\u00edt\u00f3g\u00e9peket, valamint professzion\u00e1lis kamer\u00e1kat \u00e9s mikrofonokat.<\/div><div>\u00a0<\/div><div><div><div>A marketinginnov\u00e1ci\u00f3 sor\u00e1n a Code Yard Kft. AI-alap\u00fa tartalommarketing-strat\u00e9gi\u00e1t dolgoz ki, amelynek c\u00e9lja a v\u00e1llalat szak\u00e9rt\u0151i poz\u00edci\u00f3j\u00e1nak meger\u0151s\u00edt\u00e9se. Az \u00faj strat\u00e9gia r\u00e9szek\u00e9nt a c\u00e9g ingyenes konzult\u00e1ci\u00f3s kamp\u00e1nyokat, AI-tematik\u00e1j\u00fa tartalmakat, esettanulm\u00e1nyokat \u00e9s blogokat k\u00e9sz\u00edt, ezzel t\u00e1mogatva a fenntarthat\u00f3 \u00fcgyf\u00e9lszerz\u00e9st.<\/div><div><div><div>A beruh\u00e1z\u00e1s hozz\u00e1j\u00e1rul a Code Yard Kft. versenyk\u00e9pess\u00e9g\u00e9nek er\u0151s\u00edt\u00e9s\u00e9hez \u00e9s a piaci jelenl\u00e9t b\u0151v\u00edt\u00e9s\u00e9hez hazai \u00e9s nemzetk\u00f6zi szinten egyar\u00e1nt.<\/div><div>\u00a0<\/div><div>A projekt az Eur\u00f3pai Uni\u00f3 t\u00e1mogat\u00e1s\u00e1val, a magyar \u00e1llam t\u00e1rsfinansz\u00edroz\u00e1s\u00e1val val\u00f3sult meg.<\/div><div>\u00a0<\/div><\/div><\/div><\/div><\/div><\/div><p style=\"text-align: left;\"><strong>Projekt tervezett befejez\u00e9si d\u00e1tuma:<\/strong> 2026.01.31.<\/p><p style=\"text-align: left;\"><strong>Projekt azonos\u00edt\u00f3 sz\u00e1ma:<\/strong> GINOP_PLUSZ-2.1.3-24-2024-00317<\/p><\/div>\t\t\t\t\t\t<\/div>\n\t\t\t\t<\/div>\n\t\t\t\t\t<\/div>\n\t\t<\/div>\n\t\t\t\t\t<\/div>\n\t\t<\/section>\n\t\t\t\t<\/div>","protected":false},"excerpt":{"rendered":"<p>P\u00e1ly\u00e1zat \u2013 GINOP_PLUSZ-2.1.3-24-2024-00317 Kedvezm\u00e9nyezett neve: CodeYard Szolg\u00e1ltat\u00f3 Kft. A fejleszt\u00e9s t\u00e1rgya, c\u00e9lja: A fejleszt\u00e9s t\u00e1rgya a \u201eA CodeYard Szolg\u00e1ltat\u00f3 Korl\u00e1tolt Felel\u0151ss\u00e9g\u0171 T\u00e1rsas\u00e1g [&hellip;]<\/p>","protected":false},"author":1,"featured_media":0,"parent":4215,"menu_order":0,"comment_status":"closed","ping_status":"closed","template":"","meta":{"footnotes":""},"_links":{"self":[{"href":"https:\/\/codeyard.tech\/en\/wp-json\/wp\/v2\/pages\/4491"}],"collection":[{"href":"https:\/\/codeyard.tech\/en\/wp-json\/wp\/v2\/pages"}],"about":[{"href":"https:\/\/codeyard.tech\/en\/wp-json\/wp\/v2\/types\/page"}],"author":[{"embeddable":true,"href":"https:\/\/codeyard.tech\/en\/wp-json\/wp\/v2\/users\/1"}],"replies":[{"embeddable":true,"href":"https:\/\/codeyard.tech\/en\/wp-json\/wp\/v2\/comments?post=4491"}],"version-history":[{"count":5,"href":"https:\/\/codeyard.tech\/en\/wp-json\/wp\/v2\/pages\/4491\/revisions"}],"predecessor-version":[{"id":4499,"href":"https:\/\/codeyard.tech\/en\/wp-json\/wp\/v2\/pages\/4491\/revisions\/4499"}],"up":[{"embeddable":true,"href":"https:\/\/codeyard.tech\/en\/wp-json\/wp\/v2\/pages\/4215"}],"wp:attachment":[{"href":"https:\/\/codeyard.tech\/en\/wp-json\/wp\/v2\/media?parent=4491"}],"curies":[{"name":"wp","href":"https:\/\/api.w.org\/{rel}","templated":true}]}}