{"id":4498,"date":"2026-02-20T12:54:23","date_gmt":"2026-02-20T11:54:23","guid":{"rendered":"https:\/\/codeyard.tech\/?page_id=4498"},"modified":"2026-02-20T13:59:38","modified_gmt":"2026-02-20T12:59:38","slug":"palyazat-dimop_plusz-1-1-2-b-24-2025-00009","status":"publish","type":"page","link":"https:\/\/codeyard.tech\/en\/palyazatok\/palyazat-dimop_plusz-1-1-2-b-24-2025-00009\/","title":{"rendered":"DIMOP_PLUSZ-1.1.2\/B-24-2025-00009"},"content":{"rendered":"<div data-elementor-type=\"wp-page\" data-elementor-id=\"4498\" class=\"elementor elementor-4498\">\n\t\t\t\t\t\t<section class=\"elementor-section elementor-top-section elementor-element elementor-element-93d76ca elementor-section-boxed elementor-section-height-default elementor-section-height-default\" data-id=\"93d76ca\" data-element_type=\"section\">\n\t\t\t\t\t\t<div class=\"elementor-container elementor-column-gap-default\">\n\t\t\t\t\t<div class=\"elementor-column elementor-col-100 elementor-top-column elementor-element elementor-element-7cd81b9\" data-id=\"7cd81b9\" data-element_type=\"column\">\n\t\t\t<div class=\"elementor-widget-wrap elementor-element-populated\">\n\t\t\t\t\t\t<div class=\"elementor-element elementor-element-d540c5d elementor-widget elementor-widget-image\" data-id=\"d540c5d\" data-element_type=\"widget\" data-widget_type=\"image.default\">\n\t\t\t\t<div class=\"elementor-widget-container\">\n\t\t\t<style>\/*! elementor - v3.22.0 - 26-06-2024 *\/\n.elementor-widget-image{text-align:center}.elementor-widget-image a{display:inline-block}.elementor-widget-image a img[src$=\".svg\"]{width:48px}.elementor-widget-image img{vertical-align:middle;display:inline-block}<\/style>\t\t\t\t\t\t\t\t\t\t<img decoding=\"async\" src=\"https:\/\/codeyard.tech\/wp-content\/uploads\/2025\/04\/MFF-kedvezmenyezetti-infoblokk-keretes.jpg\" title=\"\" alt=\"DIMOP_PLUSZ-1.1.2\/B-24-2025-00009\" loading=\"lazy\" \/>\t\t\t\t\t\t\t\t\t\t\t\t\t<\/div>\n\t\t\t\t<\/div>\n\t\t\t\t<div class=\"elementor-element elementor-element-b579a4f elementor-widget elementor-widget-text-editor\" data-id=\"b579a4f\" data-element_type=\"widget\" data-widget_type=\"text-editor.default\">\n\t\t\t\t<div class=\"elementor-widget-container\">\n\t\t\t<style>\/*! elementor - v3.22.0 - 26-06-2024 *\/\n.elementor-widget-text-editor.elementor-drop-cap-view-stacked .elementor-drop-cap{background-color:#69727d;color:#fff}.elementor-widget-text-editor.elementor-drop-cap-view-framed .elementor-drop-cap{color:#69727d;border:3px solid;background-color:transparent}.elementor-widget-text-editor:not(.elementor-drop-cap-view-default) .elementor-drop-cap{margin-top:8px}.elementor-widget-text-editor:not(.elementor-drop-cap-view-default) .elementor-drop-cap-letter{width:1em;height:1em}.elementor-widget-text-editor .elementor-drop-cap{float:left;text-align:center;line-height:1;font-size:50px}.elementor-widget-text-editor .elementor-drop-cap-letter{display:inline-block}<\/style>\t\t\t\t<div data-templates-time=\"\"><p style=\"text-align: left;\"><strong>Kedvezm\u00e9nyezett neve:<\/strong> <span style=\"font-weight: 400;\">NEOCONS Zrt. (konzorciumvezet\u0151), CodeYard Kft. (konzorciumi partner)<\/span><\/p><p><b>Projekt azonos\u00edt\u00f3 sz\u00e1ma: <span style=\"font-weight: 400;\">DIMOP_PLUSZ-1.1.2\/B-24-2025-00009<\/span><\/b><\/p><p style=\"text-align: left;\"><strong>A fejleszt\u00e9s t\u00e1rgya:<\/strong> <span style=\"font-weight: 400;\">Predikt\u00edv analitik\u00e1n alapul\u00f3 \u00fczleti \u00e9s gy\u00e1rt\u00e1st\u00e1mogat\u00f3 szoftver fejleszt\u00e9se<\/span><\/p><p style=\"text-align: left;\"><strong>Szerz\u0151d\u00f6tt eur\u00f3pai uni\u00f3s t\u00e1mogat\u00e1si \u00f6sszeg:<\/strong> <span style=\"font-weight: 400;\">247 551 449 Ft<\/span><\/p><p><strong>Projekt tervezett befejez\u00e9si d\u00e1tuma:<\/strong> <span style=\"font-weight: 400;\">2028.01.31.<\/span><\/p><p style=\"text-align: left;\"><strong>Projekt tartalm\u00e1nak r\u00e9szletes bemutat\u00e1sa:<\/strong><\/p><div style=\"text-align: left;\"><p><span style=\"font-weight: 400;\">A projekt c\u00e9lja egy innov\u00e1ci\u00f3s alapokra \u00e9p\u00fcl\u0151, mesters\u00e9ges intelligenci\u00e1val t\u00e1mogatott \u00fczleti tervez\u0151 \u00e9s gy\u00e1rt\u00e1st\u00e1mogat\u00f3 szoftverrendszer fejleszt\u00e9se, amely a takarm\u00e1nygy\u00e1rt\u00e1si \u00e9s agr\u00e1rlogisztikai folyamatok tervez\u00e9s\u00e9t \u00e9s m\u0171k\u00f6dtet\u00e9s\u00e9t t\u00e1mogatja adatalap\u00fa megk\u00f6zel\u00edt\u00e9ssel. A fejleszt\u00e9s a NEOCONS Zrt. agr\u00e1ripari m\u0171k\u00f6d\u00e9sb\u0151l sz\u00e1rmaz\u00f3 szakmai tapasztalat\u00e1ra \u00e9s \u00fczleti folyamatismeret\u00e9re, valamint a CodeYard Kft. szoftverfejleszt\u00e9si kompetenci\u00e1ira \u00e9p\u00fcl. A rendszer c\u00e9lja, hogy a d\u00f6nt\u00e9st\u00e1mogat\u00e1st \u00e9s a m\u0171k\u00f6d\u00e9s tervezhet\u0151s\u00e9g\u00e9t jav\u00edtsa, ezzel n\u00f6velve a folyamatok hat\u00e9konys\u00e1g\u00e1t \u00e9s az \u00fczleti tervez\u00e9s megalapozotts\u00e1g\u00e1t.<\/span><\/p><p><span style=\"font-weight: 400;\">A fejleszt\u00e9s eredm\u00e9nyek\u00e9ppen egy intelligens, felh\u0151alap\u00fa, modul\u00e1ris fel\u00e9p\u00edt\u00e9s\u0171 szoftvermegold\u00e1s j\u00f6n l\u00e9tre, amely MI\/g\u00e9pi tanul\u00e1s \u00e9s val\u00f3s idej\u0171 adatfeldolgoz\u00e1s integr\u00e1lt alkalmaz\u00e1s\u00e1val t\u00e1mogatja a d\u00f6nt\u00e9shozatalt.<\/span><\/p><p><span style=\"font-weight: 400;\">A projekt az Eur\u00f3pai Uni\u00f3 t\u00e1mogat\u00e1s\u00e1val, a magyar \u00e1llam t\u00e1rsfinansz\u00edroz\u00e1s\u00e1val val\u00f3sult meg.<\/span><\/p><\/div><\/div>\t\t\t\t\t\t<\/div>\n\t\t\t\t<\/div>\n\t\t\t\t\t<\/div>\n\t\t<\/div>\n\t\t\t\t\t<\/div>\n\t\t<\/section>\n\t\t\t\t<\/div>","protected":false},"excerpt":{"rendered":"<p>Kedvezm\u00e9nyezett neve: NEOCONS Zrt. (konzorciumvezet\u0151), CodeYard Kft. (konzorciumi partner) Projekt azonos\u00edt\u00f3 sz\u00e1ma: DIMOP_PLUSZ-1.1.2\/B-24-2025-00009 A fejleszt\u00e9s t\u00e1rgya: Predikt\u00edv analitik\u00e1n alapul\u00f3 \u00fczleti \u00e9s gy\u00e1rt\u00e1st\u00e1mogat\u00f3 [&hellip;]<\/p>","protected":false},"author":1,"featured_media":0,"parent":4215,"menu_order":0,"comment_status":"closed","ping_status":"closed","template":"","meta":{"footnotes":""},"_links":{"self":[{"href":"https:\/\/codeyard.tech\/en\/wp-json\/wp\/v2\/pages\/4498"}],"collection":[{"href":"https:\/\/codeyard.tech\/en\/wp-json\/wp\/v2\/pages"}],"about":[{"href":"https:\/\/codeyard.tech\/en\/wp-json\/wp\/v2\/types\/page"}],"author":[{"embeddable":true,"href":"https:\/\/codeyard.tech\/en\/wp-json\/wp\/v2\/users\/1"}],"replies":[{"embeddable":true,"href":"https:\/\/codeyard.tech\/en\/wp-json\/wp\/v2\/comments?post=4498"}],"version-history":[{"count":6,"href":"https:\/\/codeyard.tech\/en\/wp-json\/wp\/v2\/pages\/4498\/revisions"}],"predecessor-version":[{"id":4514,"href":"https:\/\/codeyard.tech\/en\/wp-json\/wp\/v2\/pages\/4498\/revisions\/4514"}],"up":[{"embeddable":true,"href":"https:\/\/codeyard.tech\/en\/wp-json\/wp\/v2\/pages\/4215"}],"wp:attachment":[{"href":"https:\/\/codeyard.tech\/en\/wp-json\/wp\/v2\/media?parent=4498"}],"curies":[{"name":"wp","href":"https:\/\/api.w.org\/{rel}","templated":true}]}}